{"id":2357,"date":"2025-08-08T06:46:45","date_gmt":"2025-08-08T06:46:45","guid":{"rendered":"https:\/\/demo2wpopal.b-cdn.net\/extice\/?page_id=2357"},"modified":"2026-05-04T17:23:33","modified_gmt":"2026-05-04T15:23:33","slug":"nase-projekty","status":"publish","type":"page","link":"https:\/\/elektromar.cz\/?page_id=2357","title":{"rendered":"Na\u0161e projekty"},"content":{"rendered":"\t\t<div data-elementor-type=\"wp-page\" data-elementor-id=\"2357\" class=\"elementor elementor-2357\">\n\t\t\t\t<div class=\"elementor-element elementor-element-3d92760 e-flex e-con-boxed e-con e-parent\" data-id=\"3d92760\" data-element_type=\"container\" data-settings=\"{&quot;background_background&quot;:&quot;classic&quot;}\">\n\t\t\t\t\t<div class=\"e-con-inner\">\n\t\t<div class=\"elementor-element elementor-element-e5c36cb e-flex e-con-boxed e-con e-child\" data-id=\"e5c36cb\" data-element_type=\"container\">\n\t\t\t\t\t<div class=\"e-con-inner\">\n\t\t<div class=\"elementor-element elementor-element-f836d64 e-con-full e-flex e-con e-child\" data-id=\"f836d64\" data-element_type=\"container\">\n\t\t\t\t<div class=\"elementor-element elementor-element-d3c34d9 animated-fast elementor-icon-list--layout-traditional elementor-list-item-link-full_width elementor-invisible elementor-widget elementor-widget-icon-list\" data-id=\"d3c34d9\" data-element_type=\"widget\" data-settings=\"{&quot;_animation&quot;:&quot;opal-move-right&quot;}\" data-widget_type=\"icon-list.default\">\n\t\t\t\t<div class=\"elementor-widget-container\">\n\t\t\t\t\t\t\t<ul class=\"elementor-icon-list-items\">\n\t\t\t\t\t\t\t<li class=\"elementor-icon-list-item\">\n\t\t\t\t\t\t\t\t\t\t\t<span class=\"elementor-icon-list-icon\">\n\t\t\t\t\t\t\t<i aria-hidden=\"true\" class=\"extice-icon- extice-icon-star-light\"><\/i>\t\t\t\t\t\t<\/span>\n\t\t\t\t\t\t\t\t\t\t<span class=\"elementor-icon-list-text\">01.\u00a0Na\u0161e projekty<\/span>\n\t\t\t\t\t\t\t\t\t<\/li>\n\t\t\t\t\t\t<\/ul>\n\t\t\t\t\t\t<\/div>\n\t\t\t\t<\/div>\n\t\t\t\t<\/div>\n\t\t<div class=\"elementor-element elementor-element-0e18ba4 e-con-full e-flex e-con e-child\" data-id=\"0e18ba4\" data-element_type=\"container\">\n\t\t\t\t<div class=\"elementor-element elementor-element-21c90df elementor-widget__width-initial animated-fast elementor-invisible elementor-widget elementor-widget-heading\" data-id=\"21c90df\" data-element_type=\"widget\" data-settings=\"{&quot;_animation&quot;:&quot;opal-move-left&quot;}\" data-widget_type=\"heading.default\">\n\t\t\t\t<div class=\"elementor-widget-container\">\n\t\t\t\t\t<h2 class=\"elementor-heading-title elementor-size-default\">Realizovan\u00e9 projekty,<br>na kter\u00e9 jsme hrd\u00ed<\/h2>\t\t\t\t<\/div>\n\t\t\t\t<\/div>\n\t\t\t\t<div class=\"elementor-element elementor-element-fe13b5a elementor-widget__width-initial animated-fast elementor-invisible elementor-widget elementor-widget-text-editor\" data-id=\"fe13b5a\" data-element_type=\"widget\" data-settings=\"{&quot;_animation&quot;:&quot;opal-move-left&quot;}\" data-widget_type=\"text-editor.default\">\n\t\t\t\t<div class=\"elementor-widget-container\">\n\t\t\t\t\t\t\t\t\t<p>Ka\u017ed\u00fd projekt je pro n\u00e1s v\u00fdzvou p\u0159in\u00e9st klientovi \u0161pi\u010dkov\u00e9 technologick\u00e9 \u0159e\u0161en\u00ed. D\u00edky na\u0161im znalostem a zku\u0161enostem realizujeme komplexn\u00ed projekty v oblasti pr\u016fmyslov\u00e9 automatizace, robotiky, energetiky i vyu\u017eit\u00ed obnoviteln\u00fdch zdroj\u016f. Pod\u00edvejte se na v\u00fdb\u011br na\u0161ich realizac\u00ed.<\/p>\t\t\t\t\t\t\t\t<\/div>\n\t\t\t\t<\/div>\n\t\t\t\t<\/div>\n\t\t\t\t\t<\/div>\n\t\t\t\t<\/div>\n\t\t\t\t<div class=\"elementor-element elementor-element-f000425 elementor-widget__width-inherit elementor-project-style-2 animated-fast overflow-to-none elementor-invisible elementor-widget elementor-widget-extice-projects\" data-id=\"f000425\" data-element_type=\"widget\" data-settings=\"{&quot;slides_to_show&quot;:&quot;4&quot;,&quot;slides_to_show_laptop&quot;:&quot;3&quot;,&quot;slides_to_show_tablet_extra&quot;:&quot;2.5&quot;,&quot;slides_to_show_tablet&quot;:&quot;2.5&quot;,&quot;slides_to_show_mobile_extra&quot;:&quot;2.2&quot;,&quot;slides_to_show_mobile&quot;:&quot;1&quot;,&quot;spaceBetween_laptop&quot;:{&quot;unit&quot;:&quot;px&quot;,&quot;size&quot;:30,&quot;sizes&quot;:[]},&quot;spaceBetween_tablet_extra&quot;:{&quot;unit&quot;:&quot;px&quot;,&quot;size&quot;:30,&quot;sizes&quot;:[]},&quot;spaceBetween_tablet&quot;:{&quot;unit&quot;:&quot;px&quot;,&quot;size&quot;:30,&quot;sizes&quot;:[]},&quot;spaceBetween_mobile_extra&quot;:{&quot;unit&quot;:&quot;px&quot;,&quot;size&quot;:30,&quot;sizes&quot;:[]},&quot;spaceBetween_mobile&quot;:{&quot;unit&quot;:&quot;px&quot;,&quot;size&quot;:15,&quot;sizes&quot;:[]},&quot;_animation&quot;:&quot;opal-move-up&quot;,&quot;spaceBetween&quot;:{&quot;unit&quot;:&quot;px&quot;,&quot;size&quot;:30,&quot;sizes&quot;:[]},&quot;swiper_overflow&quot;:&quot;none&quot;,&quot;navigation&quot;:&quot;none&quot;,&quot;enable_scrollbar&quot;:&quot;no&quot;,&quot;allowTouchMove&quot;:&quot;yes&quot;,&quot;autoplay&quot;:&quot;yes&quot;,&quot;pause_on_hover&quot;:&quot;yes&quot;,&quot;pause_on_interaction&quot;:&quot;yes&quot;,&quot;autoplay_speed&quot;:5000,&quot;infinite&quot;:&quot;yes&quot;,&quot;speed&quot;:500}\" data-widget_type=\"extice-projects.default\">\n\t\t\t\t<div class=\"elementor-widget-container\">\n\t\t\t\t\t        <div class=\"elementor-project-wrapper\">\n            <div class=\"d-grid\">\n                                    <div class=\"grid-item\">\n                        <div class=\"project-item project-style-2\">\n    <div class=\"project-post-thumbnail\">\n                    <img fetchpriority=\"high\" decoding=\"async\" width=\"2560\" height=\"1832\" src=\"https:\/\/elektromar.cz\/wp-content\/uploads\/2026\/04\/1000032969-scaled.jpg\" class=\"attachment-full size-full wp-post-image\" alt=\"\" srcset=\"https:\/\/elektromar.cz\/wp-content\/uploads\/2026\/04\/1000032969-scaled.jpg 2560w, https:\/\/elektromar.cz\/wp-content\/uploads\/2026\/04\/1000032969-300x215.jpg 300w, https:\/\/elektromar.cz\/wp-content\/uploads\/2026\/04\/1000032969-1024x733.jpg 1024w, https:\/\/elektromar.cz\/wp-content\/uploads\/2026\/04\/1000032969-768x550.jpg 768w, https:\/\/elektromar.cz\/wp-content\/uploads\/2026\/04\/1000032969-1536x1099.jpg 1536w, https:\/\/elektromar.cz\/wp-content\/uploads\/2026\/04\/1000032969-2048x1466.jpg 2048w, https:\/\/elektromar.cz\/wp-content\/uploads\/2026\/04\/1000032969-800x572.jpg 800w, https:\/\/elektromar.cz\/wp-content\/uploads\/2026\/04\/1000032969-1000x716.jpg 1000w\" sizes=\"(max-width: 2560px) 100vw, 2560px\" \/>            <\/div><!-- .post-thumbnail -->\n    <div class=\"project-content\">\n        <h4 class=\"project-title delta\"><a href=\"https:\/\/elektromar.cz\/?extice_project=vyuziti-odpadniho-tepla\">Vyu\u017eit\u00ed odpadn\u00edho tepla<\/a><\/h4>\n        <div class=\"project-excerpt\">Odpadn\u00ed teplo z v\u00fdroby jako zdroj vyt\u00e1p\u011bn\u00ed \u2013 efektivn\u00ed \u0159e\u0161en\u00ed pro SHM \u0160umperk<\/div>\n        <div class=\"project-button-wrapper\">\n            <a class=\"project-button\" href=\"https:\/\/elektromar.cz\/?extice_project=vyuziti-odpadniho-tepla\">\n                <i class=\"extice-icon-arrow-right\"><\/i>\n            <\/a>\n        <\/div>\n    <\/div>\n<\/div>\n                    <\/div>\n                                        <div class=\"grid-item\">\n                        <div class=\"project-item project-style-2\">\n    <div class=\"project-post-thumbnail\">\n                    <img decoding=\"async\" width=\"1536\" height=\"1024\" src=\"https:\/\/elektromar.cz\/wp-content\/uploads\/2026\/04\/ChatGPT-Image-15.-4.-2026-14_01_02.png\" class=\"attachment-full size-full wp-post-image\" alt=\"\" srcset=\"https:\/\/elektromar.cz\/wp-content\/uploads\/2026\/04\/ChatGPT-Image-15.-4.-2026-14_01_02.png 1536w, https:\/\/elektromar.cz\/wp-content\/uploads\/2026\/04\/ChatGPT-Image-15.-4.-2026-14_01_02-300x200.png 300w, https:\/\/elektromar.cz\/wp-content\/uploads\/2026\/04\/ChatGPT-Image-15.-4.-2026-14_01_02-1024x683.png 1024w, https:\/\/elektromar.cz\/wp-content\/uploads\/2026\/04\/ChatGPT-Image-15.-4.-2026-14_01_02-768x512.png 768w, https:\/\/elektromar.cz\/wp-content\/uploads\/2026\/04\/ChatGPT-Image-15.-4.-2026-14_01_02-800x533.png 800w, https:\/\/elektromar.cz\/wp-content\/uploads\/2026\/04\/ChatGPT-Image-15.-4.-2026-14_01_02-1000x667.png 1000w\" sizes=\"(max-width: 1536px) 100vw, 1536px\" \/>            <\/div><!-- .post-thumbnail -->\n    <div class=\"project-content\">\n        <h4 class=\"project-title delta\"><a href=\"https:\/\/elektromar.cz\/?extice_project=greige-fabric-production\">Energetika<\/a><\/h4>\n        <div class=\"project-excerpt\">Realizace \u0159\u00eddic\u00edho syst\u00e9mu pro novou plynovou kotelnu 108 MWt<\/div>\n        <div class=\"project-button-wrapper\">\n            <a class=\"project-button\" href=\"https:\/\/elektromar.cz\/?extice_project=greige-fabric-production\">\n                <i class=\"extice-icon-arrow-right\"><\/i>\n            <\/a>\n        <\/div>\n    <\/div>\n<\/div>\n                    <\/div>\n                                        <div class=\"grid-item\">\n                        <div class=\"project-item project-style-2\">\n    <div class=\"project-post-thumbnail\">\n                    <img decoding=\"async\" width=\"1536\" height=\"1024\" src=\"https:\/\/elektromar.cz\/wp-content\/uploads\/2026\/04\/ENERGETIKA_projekt_Hlavni_velka.png\" class=\"attachment-full size-full wp-post-image\" alt=\"\" srcset=\"https:\/\/elektromar.cz\/wp-content\/uploads\/2026\/04\/ENERGETIKA_projekt_Hlavni_velka.png 1536w, https:\/\/elektromar.cz\/wp-content\/uploads\/2026\/04\/ENERGETIKA_projekt_Hlavni_velka-300x200.png 300w, https:\/\/elektromar.cz\/wp-content\/uploads\/2026\/04\/ENERGETIKA_projekt_Hlavni_velka-1024x683.png 1024w, https:\/\/elektromar.cz\/wp-content\/uploads\/2026\/04\/ENERGETIKA_projekt_Hlavni_velka-768x512.png 768w, https:\/\/elektromar.cz\/wp-content\/uploads\/2026\/04\/ENERGETIKA_projekt_Hlavni_velka-800x533.png 800w, https:\/\/elektromar.cz\/wp-content\/uploads\/2026\/04\/ENERGETIKA_projekt_Hlavni_velka-1000x667.png 1000w\" sizes=\"(max-width: 1536px) 100vw, 1536px\" \/>            <\/div><!-- .post-thumbnail -->\n    <div class=\"project-content\">\n        <h4 class=\"project-title delta\"><a href=\"https:\/\/elektromar.cz\/?extice_project=satin-fabric-textile\">Energetika<\/a><\/h4>\n        <div class=\"project-excerpt\">Modern\u00ed dohledov\u00e9 pracovi\u0161t\u011b pro rozvodnu POX Unipetrol Litv\u00ednov <\/div>\n        <div class=\"project-button-wrapper\">\n            <a class=\"project-button\" href=\"https:\/\/elektromar.cz\/?extice_project=satin-fabric-textile\">\n                <i class=\"extice-icon-arrow-right\"><\/i>\n            <\/a>\n        <\/div>\n    <\/div>\n<\/div>\n                    <\/div>\n                                        <div class=\"grid-item\">\n                        <div class=\"project-item project-style-2\">\n    <div class=\"project-post-thumbnail\">\n                    <img loading=\"lazy\" decoding=\"async\" width=\"1536\" height=\"1024\" src=\"https:\/\/elektromar.cz\/wp-content\/uploads\/2026\/04\/ROBOTIKA_projekt_hlavni_velka.png\" class=\"attachment-full size-full wp-post-image\" alt=\"\" srcset=\"https:\/\/elektromar.cz\/wp-content\/uploads\/2026\/04\/ROBOTIKA_projekt_hlavni_velka.png 1536w, https:\/\/elektromar.cz\/wp-content\/uploads\/2026\/04\/ROBOTIKA_projekt_hlavni_velka-300x200.png 300w, https:\/\/elektromar.cz\/wp-content\/uploads\/2026\/04\/ROBOTIKA_projekt_hlavni_velka-1024x683.png 1024w, https:\/\/elektromar.cz\/wp-content\/uploads\/2026\/04\/ROBOTIKA_projekt_hlavni_velka-768x512.png 768w, https:\/\/elektromar.cz\/wp-content\/uploads\/2026\/04\/ROBOTIKA_projekt_hlavni_velka-800x533.png 800w, https:\/\/elektromar.cz\/wp-content\/uploads\/2026\/04\/ROBOTIKA_projekt_hlavni_velka-1000x667.png 1000w\" sizes=\"(max-width: 1536px) 100vw, 1536px\" \/>            <\/div><!-- .post-thumbnail -->\n    <div class=\"project-content\">\n        <h4 class=\"project-title delta\"><a href=\"https:\/\/elektromar.cz\/?extice_project=robotika\">Robotika<\/a><\/h4>\n        <div class=\"project-excerpt\">Robotizace kal\u00edrny \u0159ezn\u00fdch n\u00e1stroj\u016f robotem St\u00e4ubli v prost\u0159ed\u00ed soln\u00fdch pec\u00ed<\/div>\n        <div class=\"project-button-wrapper\">\n            <a class=\"project-button\" href=\"https:\/\/elektromar.cz\/?extice_project=robotika\">\n                <i class=\"extice-icon-arrow-right\"><\/i>\n            <\/a>\n        <\/div>\n    <\/div>\n<\/div>\n                    <\/div>\n                                        <div class=\"grid-item\">\n                        <div class=\"project-item project-style-2\">\n    <div class=\"project-post-thumbnail\">\n                    <img loading=\"lazy\" decoding=\"async\" width=\"2560\" height=\"1440\" src=\"https:\/\/elektromar.cz\/wp-content\/uploads\/2026\/04\/Prumyslova-automatizace_projekt_main-scaled.jpg\" class=\"attachment-full size-full wp-post-image\" alt=\"\" srcset=\"https:\/\/elektromar.cz\/wp-content\/uploads\/2026\/04\/Prumyslova-automatizace_projekt_main-scaled.jpg 2560w, https:\/\/elektromar.cz\/wp-content\/uploads\/2026\/04\/Prumyslova-automatizace_projekt_main-300x169.jpg 300w, https:\/\/elektromar.cz\/wp-content\/uploads\/2026\/04\/Prumyslova-automatizace_projekt_main-1024x576.jpg 1024w, https:\/\/elektromar.cz\/wp-content\/uploads\/2026\/04\/Prumyslova-automatizace_projekt_main-768x432.jpg 768w, https:\/\/elektromar.cz\/wp-content\/uploads\/2026\/04\/Prumyslova-automatizace_projekt_main-1536x864.jpg 1536w, https:\/\/elektromar.cz\/wp-content\/uploads\/2026\/04\/Prumyslova-automatizace_projekt_main-2048x1152.jpg 2048w, https:\/\/elektromar.cz\/wp-content\/uploads\/2026\/04\/Prumyslova-automatizace_projekt_main-800x450.jpg 800w, https:\/\/elektromar.cz\/wp-content\/uploads\/2026\/04\/Prumyslova-automatizace_projekt_main-1000x563.jpg 1000w\" sizes=\"(max-width: 2560px) 100vw, 2560px\" \/>            <\/div><!-- .post-thumbnail -->\n    <div class=\"project-content\">\n        <h4 class=\"project-title delta\"><a href=\"https:\/\/elektromar.cz\/?extice_project=technical-textiles\">Pr\u016fmyslov\u00e1 automatizace<\/a><\/h4>\n        <div class=\"project-excerpt\">Automatizace nakl\u00e1dky aut v lomu \u2013 \u0159\u00edzen\u00ed dopravn\u00edku a polohy vozidla<\/div>\n        <div class=\"project-button-wrapper\">\n            <a class=\"project-button\" href=\"https:\/\/elektromar.cz\/?extice_project=technical-textiles\">\n                <i class=\"extice-icon-arrow-right\"><\/i>\n            <\/a>\n        <\/div>\n    <\/div>\n<\/div>\n                    <\/div>\n                                        <div class=\"grid-item\">\n                        <div class=\"project-item project-style-2\">\n    <div class=\"project-post-thumbnail\">\n                    <img loading=\"lazy\" decoding=\"async\" width=\"2560\" height=\"1440\" src=\"https:\/\/elektromar.cz\/wp-content\/uploads\/2026\/04\/1000033045-scaled.jpg\" class=\"attachment-full size-full wp-post-image\" alt=\"\" srcset=\"https:\/\/elektromar.cz\/wp-content\/uploads\/2026\/04\/1000033045-scaled.jpg 2560w, https:\/\/elektromar.cz\/wp-content\/uploads\/2026\/04\/1000033045-300x169.jpg 300w, https:\/\/elektromar.cz\/wp-content\/uploads\/2026\/04\/1000033045-1024x576.jpg 1024w, https:\/\/elektromar.cz\/wp-content\/uploads\/2026\/04\/1000033045-768x432.jpg 768w, https:\/\/elektromar.cz\/wp-content\/uploads\/2026\/04\/1000033045-1536x864.jpg 1536w, https:\/\/elektromar.cz\/wp-content\/uploads\/2026\/04\/1000033045-2048x1152.jpg 2048w, https:\/\/elektromar.cz\/wp-content\/uploads\/2026\/04\/1000033045-800x450.jpg 800w, https:\/\/elektromar.cz\/wp-content\/uploads\/2026\/04\/1000033045-1000x563.jpg 1000w\" sizes=\"(max-width: 2560px) 100vw, 2560px\" \/>            <\/div><!-- .post-thumbnail -->\n    <div class=\"project-content\">\n        <h4 class=\"project-title delta\"><a href=\"https:\/\/elektromar.cz\/?extice_project=apparel-fabrics\">Technick\u00e1 za\u0159\u00edzen\u00ed budov<\/a><\/h4>\n        <div class=\"project-excerpt\">Dod\u00e1vka a mont\u00e1\u017e syst\u00e9m\u016f MaR pro multifunk\u010dn\u00ed parkovac\u00ed d\u016fm v Ostrav\u011b<\/div>\n        <div class=\"project-button-wrapper\">\n            <a class=\"project-button\" href=\"https:\/\/elektromar.cz\/?extice_project=apparel-fabrics\">\n                <i class=\"extice-icon-arrow-right\"><\/i>\n            <\/a>\n        <\/div>\n    <\/div>\n<\/div>\n                    <\/div>\n                                <\/div>\n\n        <\/div>\n                \t\t\t\t<\/div>\n\t\t\t\t<\/div>\n\t\t\t\t\t<\/div>\n\t\t\t\t<\/div>\n\t\t\t\t<\/div>\n\t\t","protected":false},"excerpt":{"rendered":"<p>01.\u00a0Na\u0161e projekty Realizovan\u00e9 projekty,na kter\u00e9 jsme hrd\u00ed Ka\u017ed\u00fd projekt je pro n\u00e1s v\u00fdzvou p\u0159in\u00e9st klientovi \u0161pi\u010dkov\u00e9 technologick\u00e9 \u0159e\u0161en\u00ed. D\u00edky na\u0161im znalostem a zku\u0161enostem realizujeme komplexn\u00ed projekty v oblasti pr\u016fmyslov\u00e9 automatizace, robotiky, energetiky i vyu\u017eit\u00ed obnoviteln\u00fdch zdroj\u016f. Pod\u00edvejte se na v\u00fdb\u011br na\u0161ich realizac\u00ed. Vyu\u017eit\u00ed odpadn\u00edho tepla Odpadn\u00ed teplo z v\u00fdroby jako zdroj vyt\u00e1p\u011bn\u00ed \u2013 efektivn\u00ed \u0159e\u0161en\u00ed [&hellip;]<\/p>\n","protected":false},"author":3,"featured_media":0,"parent":0,"menu_order":0,"comment_status":"closed","ping_status":"closed","template":"","meta":{"footnotes":""},"class_list":["post-2357","page","type-page","status-publish","hentry"],"_links":{"self":[{"href":"https:\/\/elektromar.cz\/index.php?rest_route=\/wp\/v2\/pages\/2357","targetHints":{"allow":["GET"]}}],"collection":[{"href":"https:\/\/elektromar.cz\/index.php?rest_route=\/wp\/v2\/pages"}],"about":[{"href":"https:\/\/elektromar.cz\/index.php?rest_route=\/wp\/v2\/types\/page"}],"author":[{"embeddable":true,"href":"https:\/\/elektromar.cz\/index.php?rest_route=\/wp\/v2\/users\/3"}],"replies":[{"embeddable":true,"href":"https:\/\/elektromar.cz\/index.php?rest_route=%2Fwp%2Fv2%2Fcomments&post=2357"}],"version-history":[{"count":37,"href":"https:\/\/elektromar.cz\/index.php?rest_route=\/wp\/v2\/pages\/2357\/revisions"}],"predecessor-version":[{"id":6510,"href":"https:\/\/elektromar.cz\/index.php?rest_route=\/wp\/v2\/pages\/2357\/revisions\/6510"}],"wp:attachment":[{"href":"https:\/\/elektromar.cz\/index.php?rest_route=%2Fwp%2Fv2%2Fmedia&parent=2357"}],"curies":[{"name":"wp","href":"https:\/\/api.w.org\/{rel}","templated":true}]}}