{"id":2391,"date":"2025-08-08T07:12:05","date_gmt":"2025-08-08T07:12:05","guid":{"rendered":"https:\/\/demo2wpopal.b-cdn.net\/extice\/?page_id=2391"},"modified":"2026-04-13T15:29:09","modified_gmt":"2026-04-13T13:29:09","slug":"sluzby","status":"publish","type":"page","link":"https:\/\/elektromar.cz\/?page_id=2391","title":{"rendered":"Slu\u017eby"},"content":{"rendered":"\t\t<div data-elementor-type=\"wp-page\" data-elementor-id=\"2391\" class=\"elementor elementor-2391\">\n\t\t\t\t<div class=\"elementor-element elementor-element-e9b8747 e-flex e-con-boxed e-con e-parent\" data-id=\"e9b8747\" data-element_type=\"container\" data-settings=\"{&quot;background_background&quot;:&quot;classic&quot;}\">\n\t\t\t\t\t<div class=\"e-con-inner\">\n\t\t<div class=\"elementor-element elementor-element-98f85a0 e-con-full e-flex e-con e-child\" data-id=\"98f85a0\" data-element_type=\"container\">\n\t\t\t\t<div class=\"elementor-element elementor-element-80f297e elementor-mobile_extra-align-center animated-fast elementor-icon-list--layout-traditional elementor-list-item-link-full_width elementor-invisible elementor-widget elementor-widget-icon-list\" data-id=\"80f297e\" data-element_type=\"widget\" data-settings=\"{&quot;_animation&quot;:&quot;opal-move-right&quot;}\" data-widget_type=\"icon-list.default\">\n\t\t\t\t<div class=\"elementor-widget-container\">\n\t\t\t\t\t\t\t<ul class=\"elementor-icon-list-items\">\n\t\t\t\t\t\t\t<li class=\"elementor-icon-list-item\">\n\t\t\t\t\t\t\t\t\t\t\t<span class=\"elementor-icon-list-icon\">\n\t\t\t\t\t\t\t<i aria-hidden=\"true\" class=\"extice-icon- extice-icon-star-light\"><\/i>\t\t\t\t\t\t<\/span>\n\t\t\t\t\t\t\t\t\t\t<span class=\"elementor-icon-list-text\">01.\u00a0Na\u0161e slu\u017eby<\/span>\n\t\t\t\t\t\t\t\t\t<\/li>\n\t\t\t\t\t\t<\/ul>\n\t\t\t\t\t\t<\/div>\n\t\t\t\t<\/div>\n\t\t\t\t<div class=\"elementor-element elementor-element-ccf299a elementor-absolute elementor-hidden-mobile elementor-widget elementor-widget-image\" data-id=\"ccf299a\" data-element_type=\"widget\" data-settings=\"{&quot;_position&quot;:&quot;absolute&quot;,&quot;motion_fx_motion_fx_scrolling&quot;:&quot;yes&quot;,&quot;motion_fx_translateY_effect&quot;:&quot;yes&quot;,&quot;motion_fx_translateY_speed&quot;:{&quot;unit&quot;:&quot;px&quot;,&quot;size&quot;:2,&quot;sizes&quot;:[]},&quot;motion_fx_translateX_effect&quot;:&quot;yes&quot;,&quot;motion_fx_translateX_speed&quot;:{&quot;unit&quot;:&quot;px&quot;,&quot;size&quot;:2,&quot;sizes&quot;:[]},&quot;motion_fx_devices&quot;:[&quot;desktop&quot;,&quot;laptop&quot;,&quot;tablet_extra&quot;],&quot;motion_fx_translateY_affectedRange&quot;:{&quot;unit&quot;:&quot;%&quot;,&quot;size&quot;:&quot;&quot;,&quot;sizes&quot;:{&quot;start&quot;:0,&quot;end&quot;:100}},&quot;motion_fx_translateX_affectedRange&quot;:{&quot;unit&quot;:&quot;%&quot;,&quot;size&quot;:&quot;&quot;,&quot;sizes&quot;:{&quot;start&quot;:0,&quot;end&quot;:100}}}\" data-widget_type=\"image.default\">\n\t\t\t\t<div class=\"elementor-widget-container\">\n\t\t\t\t\t\t\t\t\t\t\t\t\t\t\t<img fetchpriority=\"high\" decoding=\"async\" width=\"1024\" height=\"1536\" src=\"https:\/\/elektromar.cz.mer02.vas-server.cz\/wp-content\/uploads\/2026\/01\/robot-ruka.png\" class=\"attachment-full size-full wp-image-5008\" alt=\"\" srcset=\"https:\/\/elektromar.cz.mer02.vas-server.cz\/wp-content\/uploads\/2026\/01\/robot-ruka.png 1024w, https:\/\/elektromar.cz.mer02.vas-server.cz\/wp-content\/uploads\/2026\/01\/robot-ruka-200x300.png 200w, https:\/\/elektromar.cz.mer02.vas-server.cz\/wp-content\/uploads\/2026\/01\/robot-ruka-683x1024.png 683w, https:\/\/elektromar.cz.mer02.vas-server.cz\/wp-content\/uploads\/2026\/01\/robot-ruka-768x1152.png 768w, https:\/\/elektromar.cz.mer02.vas-server.cz\/wp-content\/uploads\/2026\/01\/robot-ruka-800x1200.png 800w, https:\/\/elektromar.cz.mer02.vas-server.cz\/wp-content\/uploads\/2026\/01\/robot-ruka-1000x1500.png 1000w\" sizes=\"(max-width: 1024px) 100vw, 1024px\" \/>\t\t\t\t\t\t\t\t\t\t\t\t\t\t\t<\/div>\n\t\t\t\t<\/div>\n\t\t\t\t<\/div>\n\t\t<div class=\"elementor-element elementor-element-65e23c5 e-con-full e-flex e-con e-child\" data-id=\"65e23c5\" data-element_type=\"container\">\n\t\t\t\t<div class=\"elementor-element elementor-element-9deda06 elementor-widget__width-initial animated-fast elementor-invisible elementor-widget elementor-widget-heading\" data-id=\"9deda06\" data-element_type=\"widget\" data-settings=\"{&quot;_animation&quot;:&quot;opal-move-left&quot;}\" data-widget_type=\"heading.default\">\n\t\t\t\t<div class=\"elementor-widget-container\">\n\t\t\t\t\t<h2 class=\"elementor-heading-title elementor-size-default\">Navrhujeme a realizujeme \u0159e\u0161en\u00ed pro v\u00e1\u0161 provoz i technologie<\/h2>\t\t\t\t<\/div>\n\t\t\t\t<\/div>\n\t\t\t\t<div class=\"elementor-element elementor-element-312cd79 elementor-widget__width-initial animated-fast elementor-invisible elementor-widget elementor-widget-text-editor\" data-id=\"312cd79\" data-element_type=\"widget\" data-settings=\"{&quot;_animation&quot;:&quot;opal-move-left&quot;}\" data-widget_type=\"text-editor.default\">\n\t\t\t\t<div class=\"elementor-widget-container\">\n\t\t\t\t\t\t\t\t\t<p>A\u0165 pot\u0159ebujete automatizovat v\u00fdrobu, \u0159\u00eddit rozs\u00e1hl\u00e9 technologick\u00e9 celky, vybudovat \u0159\u00eddic\u00ed pracovi\u0161t\u011b nebo zajistit odborn\u00fd servis, t\u00fdm Elektro MAR v\u00e1m dod\u00e1 \u0159e\u0161en\u00ed na m\u00edru. Pracujeme pro pr\u016fmysl, energetiku i infrastrukturu a garantujeme spolehlivost po cel\u00fd \u017eivotn\u00ed cyklus projektu.<\/p>\t\t\t\t\t\t\t\t<\/div>\n\t\t\t\t<\/div>\n\t\t\t\t<div class=\"elementor-element elementor-element-b7ae783 elementor-absolute elementor-hidden-mobile elementor-widget elementor-widget-image\" data-id=\"b7ae783\" data-element_type=\"widget\" data-settings=\"{&quot;_position&quot;:&quot;absolute&quot;,&quot;motion_fx_motion_fx_scrolling&quot;:&quot;yes&quot;,&quot;motion_fx_translateY_effect&quot;:&quot;yes&quot;,&quot;motion_fx_translateY_speed&quot;:{&quot;unit&quot;:&quot;px&quot;,&quot;size&quot;:2,&quot;sizes&quot;:[]},&quot;motion_fx_translateX_effect&quot;:&quot;yes&quot;,&quot;motion_fx_translateX_direction&quot;:&quot;negative&quot;,&quot;motion_fx_translateX_speed&quot;:{&quot;unit&quot;:&quot;px&quot;,&quot;size&quot;:2,&quot;sizes&quot;:[]},&quot;motion_fx_devices&quot;:[&quot;desktop&quot;,&quot;laptop&quot;,&quot;tablet_extra&quot;],&quot;motion_fx_translateY_affectedRange&quot;:{&quot;unit&quot;:&quot;%&quot;,&quot;size&quot;:&quot;&quot;,&quot;sizes&quot;:{&quot;start&quot;:0,&quot;end&quot;:100}},&quot;motion_fx_translateX_affectedRange&quot;:{&quot;unit&quot;:&quot;%&quot;,&quot;size&quot;:&quot;&quot;,&quot;sizes&quot;:{&quot;start&quot;:0,&quot;end&quot;:100}}}\" data-widget_type=\"image.default\">\n\t\t\t\t<div class=\"elementor-widget-container\">\n\t\t\t\t\t\t\t\t\t\t\t\t\t\t\t<img decoding=\"async\" width=\"1024\" height=\"1536\" src=\"https:\/\/elektromar.cz.mer02.vas-server.cz\/wp-content\/uploads\/2026\/01\/sloup-VN.png\" class=\"attachment-full size-full wp-image-5094\" alt=\"\" srcset=\"https:\/\/elektromar.cz.mer02.vas-server.cz\/wp-content\/uploads\/2026\/01\/sloup-VN.png 1024w, https:\/\/elektromar.cz.mer02.vas-server.cz\/wp-content\/uploads\/2026\/01\/sloup-VN-200x300.png 200w, https:\/\/elektromar.cz.mer02.vas-server.cz\/wp-content\/uploads\/2026\/01\/sloup-VN-683x1024.png 683w, https:\/\/elektromar.cz.mer02.vas-server.cz\/wp-content\/uploads\/2026\/01\/sloup-VN-768x1152.png 768w, https:\/\/elektromar.cz.mer02.vas-server.cz\/wp-content\/uploads\/2026\/01\/sloup-VN-800x1200.png 800w, https:\/\/elektromar.cz.mer02.vas-server.cz\/wp-content\/uploads\/2026\/01\/sloup-VN-1000x1500.png 1000w\" sizes=\"(max-width: 1024px) 100vw, 1024px\" \/>\t\t\t\t\t\t\t\t\t\t\t\t\t\t\t<\/div>\n\t\t\t\t<\/div>\n\t\t\t\t<\/div>\n\t\t\t\t<div class=\"elementor-element elementor-element-75ec7fe elementor-widget__width-inherit elementor-service-style-2 animated-fast elementor-invisible elementor-widget elementor-widget-extice-services\" data-id=\"75ec7fe\" data-element_type=\"widget\" data-settings=\"{&quot;_animation&quot;:&quot;opal-move-up&quot;}\" data-widget_type=\"extice-services.default\">\n\t\t\t\t<div class=\"elementor-widget-container\">\n\t\t\t\t\t        <div class=\"elementor-service-wrapper\">\n            <div class=\"d-grid\">\n                                    <div class=\"grid-item service-item service-style-2\">\n                        <div class=\"service-content\">\n    <div class=\"service-head\">\n        <h4 class=\"service-title\"><a href=\"https:\/\/elektromar.cz\/?extice_services=woven-textiles\">Pr\u016fmyslov\u00e1 automatizace<\/a><\/h4>\n        <div class=\"icon-wrap\"><img decoding=\"async\" class=\"service-icon\" src=\"https:\/\/elektromar.mer02.vas-server.cz\/wp-content\/uploads\/2025\/08\/prumyslova-automatizace.webp\" alt=\"service icon\"><\/div>    <\/div>\n    <div class=\"description\"><p>Navrhujeme a realizujeme komplexn\u00ed automatiza\u010dn\u00ed \u0159e\u0161en\u00ed pro pr\u016fmyslov\u00e9 provozy. Od PLC \u0159\u00edzen\u00ed p\u0159es SCADA vizualizace a\u017e po integraci bezpe\u010dnostn\u00edch syst\u00e9m\u016f. Na\u0161e projekty zahrnuj\u00ed automobilov\u00fd i chemick\u00fd pr\u016fmysl s d\u016frazem na spolehlivost a optimalizaci v\u00fdrobn\u00edch proces\u016f.<\/p>\n<\/div>\n    <div class=\"service-post-thumbnail\">\n                    <img decoding=\"async\" width=\"900\" height=\"575\" src=\"https:\/\/elektromar.cz\/wp-content\/uploads\/2025\/08\/PRUMYSLOVA-AUTOMATIZACE_velky-nahore-1024x654.jpg\" class=\"attachment-large size-large wp-post-image\" alt=\"\" srcset=\"https:\/\/elektromar.cz\/wp-content\/uploads\/2025\/08\/PRUMYSLOVA-AUTOMATIZACE_velky-nahore-1024x654.jpg 1024w, https:\/\/elektromar.cz\/wp-content\/uploads\/2025\/08\/PRUMYSLOVA-AUTOMATIZACE_velky-nahore-300x192.jpg 300w, https:\/\/elektromar.cz\/wp-content\/uploads\/2025\/08\/PRUMYSLOVA-AUTOMATIZACE_velky-nahore-768x490.jpg 768w, https:\/\/elektromar.cz\/wp-content\/uploads\/2025\/08\/PRUMYSLOVA-AUTOMATIZACE_velky-nahore-800x511.jpg 800w, https:\/\/elektromar.cz\/wp-content\/uploads\/2025\/08\/PRUMYSLOVA-AUTOMATIZACE_velky-nahore-1000x639.jpg 1000w, https:\/\/elektromar.cz\/wp-content\/uploads\/2025\/08\/PRUMYSLOVA-AUTOMATIZACE_velky-nahore.jpg 1458w\" sizes=\"(max-width: 900px) 100vw, 900px\" \/>            <\/div><!-- .post-thumbnail -->\n<\/div>\n\n                    <\/div>\n                                        <div class=\"grid-item service-item service-style-2\">\n                        <div class=\"service-content\">\n    <div class=\"service-head\">\n        <h4 class=\"service-title\"><a href=\"https:\/\/elektromar.cz\/?extice_services=knit-warp-circular\">Robotika<\/a><\/h4>\n        <div class=\"icon-wrap\"><img decoding=\"async\" class=\"service-icon\" src=\"https:\/\/elektromar.mer02.vas-server.cz\/wp-content\/uploads\/2025\/08\/robotika.webp\" alt=\"service icon\"><\/div>    <\/div>\n    <div class=\"description\"><p>Navrhujeme a realizujeme robotick\u00e1 pracovi\u0161t\u011b a v\u00fdrobn\u00ed linky s roboty FANUC, KUKA, Staubli a Yaskawa.<\/p>\n<\/div>\n    <div class=\"service-post-thumbnail\">\n                    <img loading=\"lazy\" decoding=\"async\" width=\"900\" height=\"547\" src=\"https:\/\/elektromar.cz\/wp-content\/uploads\/2025\/08\/ROBOTIKA_hlavni-1024x622.jpg\" class=\"attachment-large size-large wp-post-image\" alt=\"\" srcset=\"https:\/\/elektromar.cz\/wp-content\/uploads\/2025\/08\/ROBOTIKA_hlavni-1024x622.jpg 1024w, https:\/\/elektromar.cz\/wp-content\/uploads\/2025\/08\/ROBOTIKA_hlavni-300x182.jpg 300w, https:\/\/elektromar.cz\/wp-content\/uploads\/2025\/08\/ROBOTIKA_hlavni-768x466.jpg 768w, https:\/\/elektromar.cz\/wp-content\/uploads\/2025\/08\/ROBOTIKA_hlavni-800x486.jpg 800w, https:\/\/elektromar.cz\/wp-content\/uploads\/2025\/08\/ROBOTIKA_hlavni-1000x607.jpg 1000w, https:\/\/elektromar.cz\/wp-content\/uploads\/2025\/08\/ROBOTIKA_hlavni.jpg 1240w\" sizes=\"(max-width: 900px) 100vw, 900px\" \/>            <\/div><!-- .post-thumbnail -->\n<\/div>\n\n                    <\/div>\n                                        <div class=\"grid-item service-item service-style-2\">\n                        <div class=\"service-content\">\n    <div class=\"service-head\">\n        <h4 class=\"service-title\"><a href=\"https:\/\/elektromar.cz\/?extice_services=fabric-dyeing-technology\">Energetika<\/a><\/h4>\n        <div class=\"icon-wrap\"><img decoding=\"async\" class=\"service-icon\" src=\"https:\/\/elektromar.mer02.vas-server.cz\/wp-content\/uploads\/2025\/08\/energetika-1.webp\" alt=\"service icon\"><\/div>    <\/div>\n    <div class=\"description\"><p>Zaji\u0161\u0165ujeme \u0159\u00edd\u00edc\u00ed syst\u00e9my, vizualizace a monitoring v tepl\u00e1rn\u00e1ch i elektr\u00e1rn\u00e1ch.<\/p>\n<\/div>\n    <div class=\"service-post-thumbnail\">\n                    <img loading=\"lazy\" decoding=\"async\" width=\"900\" height=\"600\" src=\"https:\/\/elektromar.cz\/wp-content\/uploads\/2025\/08\/energetika-1024x683.jpg\" class=\"attachment-large size-large wp-post-image\" alt=\"\" srcset=\"https:\/\/elektromar.cz\/wp-content\/uploads\/2025\/08\/energetika-1024x683.jpg 1024w, https:\/\/elektromar.cz\/wp-content\/uploads\/2025\/08\/energetika-300x200.jpg 300w, https:\/\/elektromar.cz\/wp-content\/uploads\/2025\/08\/energetika-768x512.jpg 768w, https:\/\/elektromar.cz\/wp-content\/uploads\/2025\/08\/energetika-800x533.jpg 800w, https:\/\/elektromar.cz\/wp-content\/uploads\/2025\/08\/energetika-1000x667.jpg 1000w, https:\/\/elektromar.cz\/wp-content\/uploads\/2025\/08\/energetika.jpg 1200w\" sizes=\"(max-width: 900px) 100vw, 900px\" \/>            <\/div><!-- .post-thumbnail -->\n<\/div>\n\n                    <\/div>\n                                        <div class=\"grid-item service-item service-style-2\">\n                        <div class=\"service-content\">\n    <div class=\"service-head\">\n        <h4 class=\"service-title\"><a href=\"https:\/\/elektromar.cz\/?extice_services=natural-fiber-textiles\">Vyu\u017eit\u00ed odpadn\u00edho tepla<\/a><\/h4>\n        <div class=\"icon-wrap\"><img decoding=\"async\" class=\"service-icon\" src=\"https:\/\/elektromar.mer02.vas-server.cz\/wp-content\/uploads\/2025\/08\/vyuziti-odpadniho-tepla.webp\" alt=\"service icon\"><\/div>    <\/div>\n    <div class=\"description\"><p>Dok\u00e1\u017eeme z\u00edskat odpadn\u00ed teplo a prom\u011bnit ho v \u00faspory pro v\u00e1\u0161 pr\u016fmyslov\u00fd provoz.<\/p>\n<\/div>\n    <div class=\"service-post-thumbnail\">\n                    <img loading=\"lazy\" decoding=\"async\" width=\"900\" height=\"490\" src=\"https:\/\/elektromar.cz\/wp-content\/uploads\/2025\/08\/teplarna_simatic-1024x558.jpg\" class=\"attachment-large size-large wp-post-image\" alt=\"\" srcset=\"https:\/\/elektromar.cz\/wp-content\/uploads\/2025\/08\/teplarna_simatic-1024x558.jpg 1024w, https:\/\/elektromar.cz\/wp-content\/uploads\/2025\/08\/teplarna_simatic-300x164.jpg 300w, https:\/\/elektromar.cz\/wp-content\/uploads\/2025\/08\/teplarna_simatic-768x419.jpg 768w, https:\/\/elektromar.cz\/wp-content\/uploads\/2025\/08\/teplarna_simatic-1536x838.jpg 1536w, https:\/\/elektromar.cz\/wp-content\/uploads\/2025\/08\/teplarna_simatic-800x436.jpg 800w, https:\/\/elektromar.cz\/wp-content\/uploads\/2025\/08\/teplarna_simatic-1000x545.jpg 1000w, https:\/\/elektromar.cz\/wp-content\/uploads\/2025\/08\/teplarna_simatic.jpg 1920w\" sizes=\"(max-width: 900px) 100vw, 900px\" \/>            <\/div><!-- .post-thumbnail -->\n<\/div>\n\n                    <\/div>\n                                        <div class=\"grid-item service-item service-style-2\">\n                        <div class=\"service-content\">\n    <div class=\"service-head\">\n        <h4 class=\"service-title\"><a href=\"https:\/\/elektromar.cz\/?extice_services=garment-manufacturing\">Technick\u00e1 za\u0159\u00edzen\u00ed budov<\/a><\/h4>\n        <div class=\"icon-wrap\"><img decoding=\"async\" class=\"service-icon\" src=\"https:\/\/elektromar.mer02.vas-server.cz\/wp-content\/uploads\/2025\/08\/technicka-zarizeni-budov.webp\" alt=\"service icon\"><\/div>    <\/div>\n    <div class=\"description\"><p>Prov\u00e1d\u00edme automatizaci a \u0159\u00edzen\u00ed technick\u00fdch syst\u00e9m\u016f budov pro \u00fasporu energie a komfort.<\/p>\n<\/div>\n    <div class=\"service-post-thumbnail\">\n                    <img loading=\"lazy\" decoding=\"async\" width=\"900\" height=\"504\" src=\"https:\/\/elektromar.cz\/wp-content\/uploads\/2025\/08\/PLC_SCADA-1024x574.jpg\" class=\"attachment-large size-large wp-post-image\" alt=\"\" srcset=\"https:\/\/elektromar.cz\/wp-content\/uploads\/2025\/08\/PLC_SCADA-1024x574.jpg 1024w, https:\/\/elektromar.cz\/wp-content\/uploads\/2025\/08\/PLC_SCADA-300x168.jpg 300w, https:\/\/elektromar.cz\/wp-content\/uploads\/2025\/08\/PLC_SCADA-768x430.jpg 768w, https:\/\/elektromar.cz\/wp-content\/uploads\/2025\/08\/PLC_SCADA-1536x861.jpg 1536w, https:\/\/elektromar.cz\/wp-content\/uploads\/2025\/08\/PLC_SCADA-800x448.jpg 800w, https:\/\/elektromar.cz\/wp-content\/uploads\/2025\/08\/PLC_SCADA-1000x560.jpg 1000w, https:\/\/elektromar.cz\/wp-content\/uploads\/2025\/08\/PLC_SCADA.jpg 1920w\" sizes=\"(max-width: 900px) 100vw, 900px\" \/>            <\/div><!-- .post-thumbnail -->\n<\/div>\n\n                    <\/div>\n                                        <div class=\"grid-item service-item service-style-2\">\n                        <div class=\"service-content\">\n    <div class=\"service-head\">\n        <h4 class=\"service-title\"><a href=\"https:\/\/elektromar.cz\/?extice_services=engineering-works\">Prodej komponent<\/a><\/h4>\n        <div class=\"icon-wrap\"><img decoding=\"async\" class=\"service-icon\" src=\"https:\/\/elektromar.mer02.vas-server.cz\/wp-content\/uploads\/2025\/08\/prodej-komponent.webp\" alt=\"service icon\"><\/div>    <\/div>\n    <div class=\"description\"><p>Dod\u00e1v\u00e1me \u0159\u00eddic\u00ed syst\u00e9my, pohony Siemens a kamery LUCID Vision Labs \u2013 od n\u00e1vrhu po servis.<\/p>\n<\/div>\n    <div class=\"service-post-thumbnail\">\n                    <img loading=\"lazy\" decoding=\"async\" width=\"900\" height=\"521\" src=\"https:\/\/elektromar.cz\/wp-content\/uploads\/2025\/08\/PRODEJ-KOMPONENT-hlavni-FINAL.jpg\" class=\"attachment-large size-large wp-post-image\" alt=\"\" srcset=\"https:\/\/elektromar.cz\/wp-content\/uploads\/2025\/08\/PRODEJ-KOMPONENT-hlavni-FINAL.jpg 1000w, https:\/\/elektromar.cz\/wp-content\/uploads\/2025\/08\/PRODEJ-KOMPONENT-hlavni-FINAL-300x174.jpg 300w, https:\/\/elektromar.cz\/wp-content\/uploads\/2025\/08\/PRODEJ-KOMPONENT-hlavni-FINAL-768x445.jpg 768w, https:\/\/elektromar.cz\/wp-content\/uploads\/2025\/08\/PRODEJ-KOMPONENT-hlavni-FINAL-800x463.jpg 800w\" sizes=\"(max-width: 900px) 100vw, 900px\" \/>            <\/div><!-- .post-thumbnail -->\n<\/div>\n\n                    <\/div>\n                                <\/div>\n\n        <\/div>\n                        <nav class=\"pagination\">\n            <div class=\"nav-links\">\n                <ul class='page-numbers'>\n\t<li><span aria-label=\"Str\u00e1nka 1\" aria-current=\"page\" class=\"page-numbers current\"><span class=\"elementor-screen-only\">Page<\/span>1<\/span><\/li>\n\t<li><a aria-label=\"Str\u00e1nka 2\" class=\"page-numbers\" href=\"https:\/\/elektromar.cz\/index.php\/?paged=2&#038;rest_route=%2Fwp%2Fv2%2Fpages%2F2391\"><span class=\"elementor-screen-only\">Page<\/span>2<\/a><\/li>\n\t<li><a class=\"next page-numbers\" href=\"https:\/\/elektromar.cz\/index.php\/?paged=2&#038;rest_route=%2Fwp%2Fv2%2Fpages%2F2391\"><i class=\"extice-icon-chevron-right\"><\/i><\/a><\/li>\n<\/ul>\n            <\/div>\n        <\/nav>\n        \t\t\t\t<\/div>\n\t\t\t\t<\/div>\n\t\t\t\t\t<\/div>\n\t\t\t\t<\/div>\n\t\t\t\t<\/div>\n\t\t","protected":false},"excerpt":{"rendered":"<p>01.\u00a0Na\u0161e slu\u017eby Navrhujeme a realizujeme \u0159e\u0161en\u00ed pro v\u00e1\u0161 provoz i technologie A\u0165 pot\u0159ebujete automatizovat v\u00fdrobu, \u0159\u00eddit rozs\u00e1hl\u00e9 technologick\u00e9 celky, vybudovat \u0159\u00eddic\u00ed pracovi\u0161t\u011b nebo zajistit odborn\u00fd servis, t\u00fdm Elektro MAR v\u00e1m dod\u00e1 \u0159e\u0161en\u00ed na m\u00edru. Pracujeme pro pr\u016fmysl, energetiku i infrastrukturu a garantujeme spolehlivost po cel\u00fd \u017eivotn\u00ed cyklus projektu. Pr\u016fmyslov\u00e1 automatizace Navrhujeme a realizujeme komplexn\u00ed automatiza\u010dn\u00ed [&hellip;]<\/p>\n","protected":false},"author":3,"featured_media":0,"parent":0,"menu_order":0,"comment_status":"closed","ping_status":"closed","template":"","meta":{"footnotes":""},"class_list":["post-2391","page","type-page","status-publish","hentry"],"_links":{"self":[{"href":"https:\/\/elektromar.cz\/index.php?rest_route=\/wp\/v2\/pages\/2391","targetHints":{"allow":["GET"]}}],"collection":[{"href":"https:\/\/elektromar.cz\/index.php?rest_route=\/wp\/v2\/pages"}],"about":[{"href":"https:\/\/elektromar.cz\/index.php?rest_route=\/wp\/v2\/types\/page"}],"author":[{"embeddable":true,"href":"https:\/\/elektromar.cz\/index.php?rest_route=\/wp\/v2\/users\/3"}],"replies":[{"embeddable":true,"href":"https:\/\/elektromar.cz\/index.php?rest_route=%2Fwp%2Fv2%2Fcomments&post=2391"}],"version-history":[{"count":22,"href":"https:\/\/elektromar.cz\/index.php?rest_route=\/wp\/v2\/pages\/2391\/revisions"}],"predecessor-version":[{"id":5955,"href":"https:\/\/elektromar.cz\/index.php?rest_route=\/wp\/v2\/pages\/2391\/revisions\/5955"}],"wp:attachment":[{"href":"https:\/\/elektromar.cz\/index.php?rest_route=%2Fwp%2Fv2%2Fmedia&parent=2391"}],"curies":[{"name":"wp","href":"https:\/\/api.w.org\/{rel}","templated":true}]}}