{"id":5923,"date":"2026-04-08T16:23:20","date_gmt":"2026-04-08T14:23:20","guid":{"rendered":"https:\/\/energomar.mer02.vas-server.cz\/?page_id=5923"},"modified":"2026-05-04T17:23:57","modified_gmt":"2026-05-04T15:23:57","slug":"novinky","status":"publish","type":"page","link":"https:\/\/elektromar.cz\/?page_id=5923","title":{"rendered":"Novinky"},"content":{"rendered":"\t\t<div data-elementor-type=\"wp-page\" data-elementor-id=\"5923\" class=\"elementor elementor-5923\">\n\t\t\t\t<div class=\"elementor-element elementor-element-3d92760 e-flex e-con-boxed e-con e-parent\" data-id=\"3d92760\" data-element_type=\"container\" data-settings=\"{&quot;background_background&quot;:&quot;classic&quot;}\">\n\t\t\t\t\t<div class=\"e-con-inner\">\n\t\t<div class=\"elementor-element elementor-element-e5c36cb e-flex e-con-boxed e-con e-child\" data-id=\"e5c36cb\" data-element_type=\"container\">\n\t\t\t\t\t<div class=\"e-con-inner\">\n\t\t<div class=\"elementor-element elementor-element-f836d64 e-con-full e-flex e-con e-child\" data-id=\"f836d64\" data-element_type=\"container\">\n\t\t\t\t<div class=\"elementor-element elementor-element-d3c34d9 animated-fast elementor-icon-list--layout-traditional elementor-list-item-link-full_width elementor-invisible elementor-widget elementor-widget-icon-list\" data-id=\"d3c34d9\" data-element_type=\"widget\" data-settings=\"{&quot;_animation&quot;:&quot;opal-move-right&quot;}\" data-widget_type=\"icon-list.default\">\n\t\t\t\t<div class=\"elementor-widget-container\">\n\t\t\t\t\t\t\t<ul class=\"elementor-icon-list-items\">\n\t\t\t\t\t\t\t<li class=\"elementor-icon-list-item\">\n\t\t\t\t\t\t\t\t\t\t\t<span class=\"elementor-icon-list-icon\">\n\t\t\t\t\t\t\t<i aria-hidden=\"true\" class=\"extice-icon- extice-icon-star-light\"><\/i>\t\t\t\t\t\t<\/span>\n\t\t\t\t\t\t\t\t\t\t<span class=\"elementor-icon-list-text\">01.\u00a0Novinky<\/span>\n\t\t\t\t\t\t\t\t\t<\/li>\n\t\t\t\t\t\t<\/ul>\n\t\t\t\t\t\t<\/div>\n\t\t\t\t<\/div>\n\t\t\t\t<\/div>\n\t\t<div class=\"elementor-element elementor-element-0e18ba4 e-con-full e-flex e-con e-child\" data-id=\"0e18ba4\" data-element_type=\"container\">\n\t\t\t\t<div class=\"elementor-element elementor-element-21c90df elementor-widget__width-initial animated-fast elementor-invisible elementor-widget elementor-widget-heading\" data-id=\"21c90df\" data-element_type=\"widget\" data-settings=\"{&quot;_animation&quot;:&quot;opal-move-left&quot;}\" data-widget_type=\"heading.default\">\n\t\t\t\t<div class=\"elementor-widget-container\">\n\t\t\t\t\t<h2 class=\"elementor-heading-title elementor-size-default\">Novinky z oboru i ze sv\u011bta Elektro MAR<\/h2>\t\t\t\t<\/div>\n\t\t\t\t<\/div>\n\t\t\t\t<div class=\"elementor-element elementor-element-fe13b5a elementor-widget__width-initial animated-fast elementor-invisible elementor-widget elementor-widget-text-editor\" data-id=\"fe13b5a\" data-element_type=\"widget\" data-settings=\"{&quot;_animation&quot;:&quot;opal-move-left&quot;}\" data-widget_type=\"text-editor.default\">\n\t\t\t\t<div class=\"elementor-widget-container\">\n\t\t\t\t\t\t\t\t\t<p>Sledujeme nejnov\u011bj\u0161\u00ed trendy v energetice, legislativ\u011b i technologi\u00edch a aktivn\u011b je prom\u00edt\u00e1me do na\u0161ich \u0159e\u0161en\u00ed. V t\u00e9to sekci sd\u00edl\u00edme aktuality z oblasti obnoviteln\u00fdch zdroj\u016f, modern\u00edho vyt\u00e1p\u011bn\u00ed a \u00faspor energie, stejn\u011b jako novinky p\u0159\u00edmo z Energo MAR \u2013 nov\u00e9 projekty, technologie, partnerstv\u00ed i d\u016fle\u017eit\u00e9 zm\u011bny, kter\u00e9 p\u0159in\u00e1\u0161ej\u00ed p\u0159idanou hodnotu na\u0161im z\u00e1kazn\u00edk\u016fm.<\/p>\t\t\t\t\t\t\t\t<\/div>\n\t\t\t\t<\/div>\n\t\t\t\t<\/div>\n\t\t\t\t\t<\/div>\n\t\t\t\t<\/div>\n\t\t\t\t\t<\/div>\n\t\t\t\t<\/div>\n\t\t<div class=\"elementor-element elementor-element-91423d6 e-flex e-con-boxed e-con e-parent\" data-id=\"91423d6\" data-element_type=\"container\">\n\t\t\t\t\t<div class=\"e-con-inner\">\n\t\t\t\t<div class=\"elementor-element elementor-element-0b69b76 elementor-widget elementor-widget-extice-post-grid\" data-id=\"0b69b76\" data-element_type=\"widget\" data-widget_type=\"extice-post-grid.default\">\n\t\t\t\t<div class=\"elementor-widget-container\">\n\t\t\t\t\t            <div class=\"elementor-post-wrapper elementor-post-grid\">\n                \n                                    <div class=\"d-grid\">\n                                                    <div class=\"grid-item\">\n                                <div class=\"post-inner blog-grid\">\n    <div class=\"post-thumbnail\"><div class=\"categories-link\"><a href=\"https:\/\/elektromar.cz\/?cat=16\">Pr\u016fmyslov\u00e1 automatizace<\/a> <\/div><div class=\"image\"><img fetchpriority=\"high\" decoding=\"async\" width=\"900\" height=\"518\" src=\"https:\/\/elektromar.cz\/wp-content\/uploads\/2026\/04\/umela_inteligence_v_prumyslove_automatizaci-1024x589.jpg\" class=\"attachment-large size-large wp-post-image\" alt=\"\" srcset=\"https:\/\/elektromar.cz\/wp-content\/uploads\/2026\/04\/umela_inteligence_v_prumyslove_automatizaci-1024x589.jpg 1024w, https:\/\/elektromar.cz\/wp-content\/uploads\/2026\/04\/umela_inteligence_v_prumyslove_automatizaci-300x173.jpg 300w, https:\/\/elektromar.cz\/wp-content\/uploads\/2026\/04\/umela_inteligence_v_prumyslove_automatizaci-768x442.jpg 768w, https:\/\/elektromar.cz\/wp-content\/uploads\/2026\/04\/umela_inteligence_v_prumyslove_automatizaci-800x460.jpg 800w, https:\/\/elektromar.cz\/wp-content\/uploads\/2026\/04\/umela_inteligence_v_prumyslove_automatizaci-1000x575.jpg 1000w, https:\/\/elektromar.cz\/wp-content\/uploads\/2026\/04\/umela_inteligence_v_prumyslove_automatizaci.jpg 1200w\" sizes=\"(max-width: 900px) 100vw, 900px\" \/><\/div><\/div>    <div class=\"post-content\">\n        <div class=\"entry-meta\">\n             <div class=\"posted-on\"><i class=\"extice-icon-calendar\"><\/i><a href=\"https:\/\/elektromar.cz\/?p=6235\" rel=\"bookmark\">25. 4. 2026<\/a><\/div> <div class=\"post-author\"><i class=\"extice-icon-admin\"><\/i><span class=\"text-author\">By <\/span><a href=\"https:\/\/elektromar.cz\/?author=2\" class=\"url fn\" rel=\"author\">elektromar<\/a><\/div>        <\/div>\n        <h3 class=\"delta entry-title\"><a href=\"https:\/\/elektromar.cz\/?p=6235\" rel=\"bookmark\">Um\u011bl\u00e1 inteligence v pr\u016fmyslov\u00e9 automatizaci: Od teorie k praxi v \u010desk\u00fdch z\u00e1vodech<\/a><\/h3>        <div class=\"more-link-wrap\">\n            <a class=\"more-link\" href=\"https:\/\/elektromar.cz\/?p=6235\"> <span>Read More<\/span><i class=\"extice-icon-arrow-right\"><\/i><\/a>        <\/div>\n    <\/div>\n<\/div>                            <\/div>\n                                                    <div class=\"grid-item\">\n                                <div class=\"post-inner blog-grid\">\n    <div class=\"post-thumbnail\"><div class=\"categories-link\"><a href=\"https:\/\/elektromar.cz\/?cat=17\">Robotika<\/a> <\/div><div class=\"image\"><img decoding=\"async\" width=\"900\" height=\"600\" src=\"https:\/\/elektromar.cz\/wp-content\/uploads\/2025\/12\/kolaborativni_robot-1024x683.jpg\" class=\"attachment-large size-large wp-post-image\" alt=\"\" srcset=\"https:\/\/elektromar.cz\/wp-content\/uploads\/2025\/12\/kolaborativni_robot-1024x683.jpg 1024w, https:\/\/elektromar.cz\/wp-content\/uploads\/2025\/12\/kolaborativni_robot-300x200.jpg 300w, https:\/\/elektromar.cz\/wp-content\/uploads\/2025\/12\/kolaborativni_robot-768x512.jpg 768w, https:\/\/elektromar.cz\/wp-content\/uploads\/2025\/12\/kolaborativni_robot-800x533.jpg 800w, https:\/\/elektromar.cz\/wp-content\/uploads\/2025\/12\/kolaborativni_robot-1000x667.jpg 1000w, https:\/\/elektromar.cz\/wp-content\/uploads\/2025\/12\/kolaborativni_robot.jpg 1200w\" sizes=\"(max-width: 900px) 100vw, 900px\" \/><\/div><\/div>    <div class=\"post-content\">\n        <div class=\"entry-meta\">\n             <div class=\"posted-on\"><i class=\"extice-icon-calendar\"><\/i><a href=\"https:\/\/elektromar.cz\/?p=32\" rel=\"bookmark\">25. 4. 2026<\/a><\/div> <div class=\"post-author\"><i class=\"extice-icon-admin\"><\/i><span class=\"text-author\">By <\/span><a href=\"https:\/\/elektromar.cz\/?author=2\" class=\"url fn\" rel=\"author\">elektromar<\/a><\/div>        <\/div>\n        <h3 class=\"delta entry-title\"><a href=\"https:\/\/elektromar.cz\/?p=32\" rel=\"bookmark\">Kolaborativn\u00ed roboty m\u011bn\u00ed tv\u00e1\u0159 \u010desk\u00e9ho pr\u016fmyslu: Bezpe\u010dnost a efektivita ruku v ruce<\/a><\/h3>        <div class=\"more-link-wrap\">\n            <a class=\"more-link\" href=\"https:\/\/elektromar.cz\/?p=32\"> <span>Read More<\/span><i class=\"extice-icon-arrow-right\"><\/i><\/a>        <\/div>\n    <\/div>\n<\/div>                            <\/div>\n                                                    <div class=\"grid-item\">\n                                <div class=\"post-inner blog-grid\">\n    <div class=\"post-thumbnail\"><div class=\"categories-link\"><a href=\"https:\/\/elektromar.cz\/?cat=18\">Energetika<\/a> <\/div><div class=\"image\"><img decoding=\"async\" width=\"900\" height=\"504\" src=\"https:\/\/elektromar.cz\/wp-content\/uploads\/2026\/04\/smart_grid_energetika-1024x574.jpg\" class=\"attachment-large size-large wp-post-image\" alt=\"\" srcset=\"https:\/\/elektromar.cz\/wp-content\/uploads\/2026\/04\/smart_grid_energetika-1024x574.jpg 1024w, https:\/\/elektromar.cz\/wp-content\/uploads\/2026\/04\/smart_grid_energetika-300x168.jpg 300w, https:\/\/elektromar.cz\/wp-content\/uploads\/2026\/04\/smart_grid_energetika-768x431.jpg 768w, https:\/\/elektromar.cz\/wp-content\/uploads\/2026\/04\/smart_grid_energetika-800x449.jpg 800w, https:\/\/elektromar.cz\/wp-content\/uploads\/2026\/04\/smart_grid_energetika-1000x561.jpg 1000w, https:\/\/elektromar.cz\/wp-content\/uploads\/2026\/04\/smart_grid_energetika.jpg 1200w\" sizes=\"(max-width: 900px) 100vw, 900px\" \/><\/div><\/div>    <div class=\"post-content\">\n        <div class=\"entry-meta\">\n             <div class=\"posted-on\"><i class=\"extice-icon-calendar\"><\/i><a href=\"https:\/\/elektromar.cz\/?p=30\" rel=\"bookmark\">25. 4. 2026<\/a><\/div> <div class=\"post-author\"><i class=\"extice-icon-admin\"><\/i><span class=\"text-author\">By <\/span><a href=\"https:\/\/elektromar.cz\/?author=2\" class=\"url fn\" rel=\"author\">elektromar<\/a><\/div>        <\/div>\n        <h3 class=\"delta entry-title\"><a href=\"https:\/\/elektromar.cz\/?p=30\" rel=\"bookmark\">Smart gridy a flexibiln\u00ed p\u0159ipojen\u00ed: Nov\u00e1 legislativa otv\u00edr\u00e1 dve\u0159e obnoviteln\u00fdm zdroj\u016fm<\/a><\/h3>        <div class=\"more-link-wrap\">\n            <a class=\"more-link\" href=\"https:\/\/elektromar.cz\/?p=30\"> <span>Read More<\/span><i class=\"extice-icon-arrow-right\"><\/i><\/a>        <\/div>\n    <\/div>\n<\/div>                            <\/div>\n                                                    <div class=\"grid-item\">\n                                <div class=\"post-inner blog-grid\">\n    <div class=\"post-thumbnail\"><div class=\"categories-link\"><a href=\"https:\/\/elektromar.cz\/?cat=16\">Pr\u016fmyslov\u00e1 automatizace<\/a> <\/div><div class=\"image\"><img loading=\"lazy\" decoding=\"async\" width=\"900\" height=\"600\" src=\"https:\/\/elektromar.cz\/wp-content\/uploads\/2025\/12\/ChatGPT-Image-8.-4.-2026-12_25_10-1024x683.png\" class=\"attachment-large size-large wp-post-image\" alt=\"\" srcset=\"https:\/\/elektromar.cz\/wp-content\/uploads\/2025\/12\/ChatGPT-Image-8.-4.-2026-12_25_10-1024x683.png 1024w, https:\/\/elektromar.cz\/wp-content\/uploads\/2025\/12\/ChatGPT-Image-8.-4.-2026-12_25_10-300x200.png 300w, https:\/\/elektromar.cz\/wp-content\/uploads\/2025\/12\/ChatGPT-Image-8.-4.-2026-12_25_10-768x512.png 768w, https:\/\/elektromar.cz\/wp-content\/uploads\/2025\/12\/ChatGPT-Image-8.-4.-2026-12_25_10-800x533.png 800w, https:\/\/elektromar.cz\/wp-content\/uploads\/2025\/12\/ChatGPT-Image-8.-4.-2026-12_25_10-1000x667.png 1000w, https:\/\/elektromar.cz\/wp-content\/uploads\/2025\/12\/ChatGPT-Image-8.-4.-2026-12_25_10.png 1536w\" sizes=\"(max-width: 900px) 100vw, 900px\" \/><\/div><\/div>    <div class=\"post-content\">\n        <div class=\"entry-meta\">\n             <div class=\"posted-on\"><i class=\"extice-icon-calendar\"><\/i><a href=\"https:\/\/elektromar.cz\/?p=4947\" rel=\"bookmark\">8. 4. 2026<\/a><\/div> <div class=\"post-author\"><i class=\"extice-icon-admin\"><\/i><span class=\"text-author\">By <\/span><a href=\"https:\/\/elektromar.cz\/?author=2\" class=\"url fn\" rel=\"author\">elektromar<\/a><\/div>        <\/div>\n        <h3 class=\"delta entry-title\"><a href=\"https:\/\/elektromar.cz\/?p=4947\" rel=\"bookmark\">Pr\u016fmysl 4.0 v praxi: Digit\u00e1ln\u00ed dvoj\u010data revolucionizuj\u00ed v\u00fdrobn\u00ed procesy<\/a><\/h3>        <div class=\"more-link-wrap\">\n            <a class=\"more-link\" href=\"https:\/\/elektromar.cz\/?p=4947\"> <span>Read More<\/span><i class=\"extice-icon-arrow-right\"><\/i><\/a>        <\/div>\n    <\/div>\n<\/div>                            <\/div>\n                                            <\/div>\n                            <\/div>\n                                    \t\t\t\t<\/div>\n\t\t\t\t<\/div>\n\t\t\t\t\t<\/div>\n\t\t\t\t<\/div>\n\t\t<div class=\"elementor-element elementor-element-f41a211 e-flex e-con-boxed e-con e-parent\" data-id=\"f41a211\" data-element_type=\"container\">\n\t\t\t\t\t<div class=\"e-con-inner\">\n\t\t\t\t\t<\/div>\n\t\t\t\t<\/div>\n\t\t\t\t<\/div>\n\t\t","protected":false},"excerpt":{"rendered":"<p>01.\u00a0Novinky Novinky z oboru i ze sv\u011bta Elektro MAR Sledujeme nejnov\u011bj\u0161\u00ed trendy v energetice, legislativ\u011b i technologi\u00edch a aktivn\u011b je prom\u00edt\u00e1me do na\u0161ich \u0159e\u0161en\u00ed. V t\u00e9to sekci sd\u00edl\u00edme aktuality z oblasti obnoviteln\u00fdch zdroj\u016f, modern\u00edho vyt\u00e1p\u011bn\u00ed a \u00faspor energie, stejn\u011b jako novinky p\u0159\u00edmo z Energo MAR \u2013 nov\u00e9 projekty, technologie, partnerstv\u00ed i d\u016fle\u017eit\u00e9 zm\u011bny, kter\u00e9 p\u0159in\u00e1\u0161ej\u00ed [&hellip;]<\/p>\n","protected":false},"author":3,"featured_media":0,"parent":0,"menu_order":1,"comment_status":"closed","ping_status":"closed","template":"","meta":{"footnotes":""},"class_list":["post-5923","page","type-page","status-publish","hentry"],"_links":{"self":[{"href":"https:\/\/elektromar.cz\/index.php?rest_route=\/wp\/v2\/pages\/5923","targetHints":{"allow":["GET"]}}],"collection":[{"href":"https:\/\/elektromar.cz\/index.php?rest_route=\/wp\/v2\/pages"}],"about":[{"href":"https:\/\/elektromar.cz\/index.php?rest_route=\/wp\/v2\/types\/page"}],"author":[{"embeddable":true,"href":"https:\/\/elektromar.cz\/index.php?rest_route=\/wp\/v2\/users\/3"}],"replies":[{"embeddable":true,"href":"https:\/\/elektromar.cz\/index.php?rest_route=%2Fwp%2Fv2%2Fcomments&post=5923"}],"version-history":[{"count":30,"href":"https:\/\/elektromar.cz\/index.php?rest_route=\/wp\/v2\/pages\/5923\/revisions"}],"predecessor-version":[{"id":6097,"href":"https:\/\/elektromar.cz\/index.php?rest_route=\/wp\/v2\/pages\/5923\/revisions\/6097"}],"wp:attachment":[{"href":"https:\/\/elektromar.cz\/index.php?rest_route=%2Fwp%2Fv2%2Fmedia&parent=5923"}],"curies":[{"name":"wp","href":"https:\/\/api.w.org\/{rel}","templated":true}]}}